{"id":3,"date":"2025-05-21T14:08:22","date_gmt":"2025-05-21T14:08:22","guid":{"rendered":"https:\/\/chiaviecolori.it\/?page_id=3"},"modified":"2025-05-22T08:37:07","modified_gmt":"2025-05-22T08:37:07","slug":"privacy-policy","status":"publish","type":"page","link":"https:\/\/chiaviecolori.it\/index.php\/privacy-policy\/","title":{"rendered":"Privacy Policy"},"content":{"rendered":"\n<h2 class=\"wp-block-heading\">Privacy Policy di <strong>chiaviecolori.it<\/strong><\/h2>\n\n\n\n<p>Questo Sito Web raccoglie alcuni Dati Personali dei propri Utenti.<\/p>\n\n\n\n<p>Questo documento pu\u00f2 essere stampato utilizzando il comando di stampa presente nelle impostazioni di qualsiasi browser.<\/p>\n\n\n\n<h2 class=\"wp-block-heading\"><a><\/a>Titolare del Trattamento dei Dati<\/h2>\n\n\n\n<p>Chiavi e Colori e affini di Zarantonello Edoardo<br>Via Legione Antonini 155\/a, 36100, Vicenza (VI)<\/p>\n\n\n\n<p><a>chiavicolori@gmail.com<\/a><\/p>\n\n\n\n<h2 class=\"wp-block-heading\"><a><\/a>Tipologie di Dati raccolti<\/h2>\n\n\n\n<p>Fra i Dati Personali raccolti da questo Sito Web, in modo autonomo o tramite terze parti, ci sono: nome; email; Strumenti di Tracciamento; Dati di utilizzo; IP address.<\/p>\n\n\n\n<p>Dettagli completi su ciascuna tipologia di Dati Personali raccolti sono forniti nelle sezioni dedicate di questa privacy policy o mediante specifici testi informativi visualizzati prima della raccolta dei Dati stessi.<br>I Dati Personali possono essere liberamente forniti dall&#8217;Utente o, nel caso di Dati di Utilizzo, raccolti automaticamente durante l&#8217;uso di questo Sito Web.<br>Se non diversamente specificato, tutti i Dati richiesti da questo Sito Web sono obbligatori. Se l\u2019Utente rifiuta di comunicarli, potrebbe essere impossibile per questo Sito Web fornire il Servizio. Nei casi in cui questo Sito Web indichi alcuni Dati come facoltativi, gli Utenti sono liberi di astenersi dal comunicare tali Dati, senza che ci\u00f2 abbia alcuna conseguenza sulla disponibilit\u00e0 del Servizio o sulla sua operativit\u00e0.<br>Gli Utenti che dovessero avere dubbi su quali Dati siano obbligatori sono incoraggiati a contattare il Titolare.<br>L\u2019eventuale utilizzo di Cookie &#8211; o di altri strumenti di tracciamento &#8211; da parte di questo Sito Web o dei titolari dei servizi terzi utilizzati da questo Sito Web ha la finalit\u00e0 di fornire il Servizio richiesto dall&#8217;Utente, oltre alle ulteriori finalit\u00e0 descritte nel presente documento e nella Cookie Policy.<\/p>\n\n\n\n<p>L&#8217;Utente si assume la responsabilit\u00e0 dei Dati Personali di terzi ottenuti, pubblicati o condivisi mediante questo Sito Web.<\/p>\n\n\n\n<h2 class=\"wp-block-heading\"><a><\/a>Modalit\u00e0 e luogo del trattamento dei Dati raccolti<\/h2>\n\n\n\n<h3 class=\"wp-block-heading\">Modalit\u00e0 di trattamento<\/h3>\n\n\n\n<p>Il Titolare adotta le opportune misure di sicurezza volte ad impedire l\u2019accesso, la divulgazione, la modifica o la distruzione non autorizzate dei Dati Personali.<br>Il trattamento viene effettuato mediante strumenti informatici e\/o telematici, con modalit\u00e0 organizzative e con logiche strettamente correlate alle finalit\u00e0 indicate. Oltre al Titolare, in alcuni casi, potrebbero avere accesso ai Dati altri soggetti coinvolti nell\u2019organizzazione di questo Sito Web (personale amministrativo, commerciale, marketing, legali, amministratori di sistema) ovvero soggetti esterni (come fornitori di servizi tecnici terzi, corrieri postali, hosting provider, societ\u00e0 informatiche, agenzie di comunicazione) nominati anche, se necessario, Responsabili del Trattamento da parte del Titolare. L\u2019elenco aggiornato dei Responsabili potr\u00e0 sempre essere richiesto al Titolare del Trattamento.<\/p>\n\n\n\n<h3 class=\"wp-block-heading\">Luogo<\/h3>\n\n\n\n<p>I Dati sono trattati presso le sedi operative del Titolare ed in ogni altro luogo in cui le parti coinvolte nel trattamento siano localizzate. Per ulteriori informazioni, contatta il Titolare.<br>I Dati Personali dell\u2019Utente potrebbero essere trasferiti in un paese diverso da quello in cui l\u2019Utente si trova. Per ottenere ulteriori informazioni sul luogo del trattamento l\u2019Utente pu\u00f2 fare riferimento alla sezione relativa ai dettagli sul trattamento dei Dati Personali.<\/p>\n\n\n\n<h3 class=\"wp-block-heading\">Periodo di conservazione<\/h3>\n\n\n\n<p>Se non diversamente indicato in questo documento, i Dati Personali sono trattati e conservati per il tempo richiesto dalla finalit\u00e0 per la quale sono stati raccolti e potrebbero essere conservati per un periodo pi\u00f9 lungo a causa di eventuali obbligazioni legali o sulla base del consenso degli Utenti.<\/p>\n\n\n\n<h2 class=\"wp-block-heading\"><a><\/a>Finalit\u00e0 del Trattamento dei Dati raccolti<\/h2>\n\n\n\n<p>I Dati dell\u2019Utente sono raccolti per consentire al Titolare di fornire il Servizio, adempiere agli obblighi di legge, rispondere a richieste o azioni esecutive, tutelare i propri diritti ed interessi (o quelli di Utenti o di terze parti), individuare eventuali attivit\u00e0 dolose o fraudolente, nonch\u00e9 per le seguenti finalit\u00e0: Creazione e gestione di questo Sito Web, Statistica e Contattare l&#8217;Utente.<\/p>\n\n\n\n<p>Per ottenere informazioni dettagliate sulle finalit\u00e0 del trattamento e sui Dati Personali trattati per ciascuna finalit\u00e0, l\u2019Utente pu\u00f2 fare riferimento alla sezione \u201cDettagli sul trattamento dei Dati Personali\u201d.<\/p>\n\n\n\n<h2 class=\"wp-block-heading\"><a><\/a>Dettagli sul trattamento dei Dati Personali<\/h2>\n\n\n\n<p>I Dati Personali sono raccolti per le seguenti finalit\u00e0 ed utilizzando i seguenti servizi:<\/p>\n\n\n\n<h3 class=\"wp-block-heading\">Contattare l&#8217;Utente<\/h3>\n\n\n\n<h4 class=\"wp-block-heading\">Modulo di contatto (questo Sito Web)<\/h4>\n\n\n\n<p>L\u2019Utente, compilando con i propri Dati il modulo di contatto, acconsente al loro utilizzo per rispondere alle richieste di informazioni, di preventivo, o di qualunque altra natura indicata dall\u2019intestazione del modulo.<\/p>\n\n\n\n<p>Dati Personali trattati: Dati di utilizzo; Strumenti di Tracciamento.<\/p>\n\n\n\n<h3 class=\"wp-block-heading\">Creazione e gestione di questo Sito Web<\/h3>\n\n\n\n<p>I principali componenti di questo Sito Web vengono creati e gestiti direttamente dal Titolare facendo uso dei software menzionati di seguito.<\/p>\n\n\n\n<h4 class=\"wp-block-heading\">WordPress (self-hosted) (questo Sito Web)<\/h4>\n\n\n\n<p>Questo Sito Web \u00e8 sviluppata e gestita dal Titolare tramite un software CMS (Content Management System) chiamato WordPress.<\/p>\n\n\n\n<p>Dati Personali trattati: email; nome.<\/p>\n\n\n\n<h3 class=\"wp-block-heading\">Statistica<\/h3>\n\n\n\n<p>I servizi contenuti nella presente sezione permettono al Titolare del Trattamento di monitorare e analizzare i dati di traffico e servono a tener traccia del comportamento dell\u2019Utente.<\/p>\n\n\n\n<h4 class=\"wp-block-heading\">Statistiche raccolte in modo diretto (questo Sito Web)<\/h4>\n\n\n\n<p>Questo Sito Web utilizza un sistema di statistiche interno, che non coinvolge terze parti.<\/p>\n\n\n\n<p>Dati Personali trattati: Dati di utilizzo; Strumenti di Tracciamento.<\/p>\n\n\n\n<h3 class=\"wp-block-heading\">Visualizzazione di contenuti da piattaforme esterne<\/h3>\n\n\n\n<p>Questo tipo di servizi permette di visualizzare contenuti ospitati su piattaforme esterne direttamente dalle pagine di questo Sito Web e di interagire con essi. Tali servizi sono spesso definiti widget, ovvero piccoli elementi inseriti in un sito web o in un&#8217;applicazione. Forniscono informazioni specifiche o svolgono una funzione particolare e spesso consentono l&#8217;interazione con l&#8217;utente. Questo tipo di servizio potrebbe comunque raccogliere dati sul traffico web relativo alle pagine dove il servizio \u00e8 installato, anche quando gli utenti non lo utilizzano.<\/p>\n\n\n\n<h4 class=\"wp-block-heading\">Widget Google Maps (Google Ireland Limited)<\/h4>\n\n\n\n<p>Google Maps \u00e8 un servizio di visualizzazione di mappe gestito da Google Ireland Limited che permette a questo Sito Web di integrare tali contenuti all\u2019interno delle proprie pagine.<\/p>\n\n\n\n<p>Dati Personali trattati: Dati di utilizzo.<\/p>\n\n\n\n<p>Luogo del trattamento: Irlanda \u2013 <a href=\"https:\/\/business.safety.google\/privacy\/\" target=\"_blank\" rel=\"noreferrer noopener\">Privacy Policy<\/a>.<\/p>\n\n\n\n<h3 class=\"wp-block-heading\">Hosting ed infrastruttura backend<\/h3>\n\n\n\n<p>Questo tipo di servizi ha la funzione di ospitare Dati e file che permettono a questo Sito Web di funzionare, ne consentono la distribuzione e mettono a disposizione un&#8217;infrastruttura pronta all&#8217;uso per erogare specifiche funzionalit\u00e0 di questo Sito Web.<\/p>\n\n\n\n<p>Alcuni servizi tra quelli elencati di seguito, se presenti, possono funzionare su server geograficamente distribuiti, rendendo difficile determinare l&#8217;effettiva ubicazione in cui sono conservati i Dati Personali.<\/p>\n\n\n\n<h4 class=\"wp-block-heading\">Register.it (Register S.p.A.)<\/h4>\n\n\n\n<p>Register.it \u00e8 un servizio di hosting e backend fornito da Register S.p.A.<\/p>\n\n\n\n<p>Dati Personali trattati: varie tipologie di Dati secondo quanto specificato dalla privacy policy del servizio.<\/p>\n\n\n\n<p>Luogo del trattamento: Italia \u2013 <a href=\"https:\/\/www.letshost.ie\/privacy-policy\/\" target=\"_blank\" rel=\"noreferrer noopener\">Privacy Policy<\/a>.<\/p>\n\n\n\n<h2 class=\"wp-block-heading\"><a><\/a>Cookie Policy<\/h2>\n\n\n\n<p>Questo Sito Web fa utilizzo di Strumenti di Tracciamento. Per saperne di pi\u00f9, gli Utenti possono consultare la Cookie Policy.<\/p>\n\n\n\n<h2 class=\"wp-block-heading\"><a><\/a>Ulteriori informazioni per gli utenti<\/h2>\n\n\n\n<h3 class=\"wp-block-heading\">Base giuridica del trattamento<\/h3>\n\n\n\n<p>Il Titolare tratta Dati Personali relativi all\u2019Utente in caso sussista una delle seguenti condizioni:<\/p>\n\n\n\n<ul class=\"wp-block-list\">\n<li>l\u2019Utente ha prestato il consenso per una o pi\u00f9 finalit\u00e0 specifiche.<\/li>\n\n\n\n<li>il trattamento \u00e8 necessario all&#8217;esecuzione di un contratto con l\u2019Utente e\/o all&#8217;esecuzione di misure precontrattuali;<\/li>\n\n\n\n<li>il trattamento \u00e8 necessario per adempiere un obbligo legale al quale \u00e8 soggetto il Titolare;<\/li>\n\n\n\n<li>il trattamento \u00e8 necessario per l&#8217;esecuzione di un compito di interesse pubblico o per l&#8217;esercizio di pubblici poteri di cui \u00e8 investito il Titolare;<\/li>\n\n\n\n<li>il trattamento \u00e8 necessario per il perseguimento del legittimo interesse del Titolare o di terzi.<\/li>\n<\/ul>\n\n\n\n<p>\u00c8 comunque sempre possibile richiedere al Titolare di chiarire la concreta base giuridica di ciascun trattamento ed in particolare di specificare se il trattamento sia basato sulla legge, previsto da un contratto o necessario per concludere un contratto.<\/p>\n\n\n\n<h3 class=\"wp-block-heading\">Ulteriori informazioni sul tempo di conservazione<\/h3>\n\n\n\n<p>Se non diversamente indicato in questo documento, i Dati Personali sono trattati e conservati per il tempo richiesto dalla finalit\u00e0 per la quale sono stati raccolti e potrebbero essere conservati per un periodo pi\u00f9 lungo a causa di eventuali obbligazioni legali o sulla base del consenso degli Utenti.<\/p>\n\n\n\n<p>Pertanto:<\/p>\n\n\n\n<ul class=\"wp-block-list\">\n<li>I Dati Personali raccolti per scopi collegati all\u2019esecuzione di un contratto tra il Titolare e l\u2019Utente saranno trattenuti sino a quando sia completata l\u2019esecuzione di tale contratto.<\/li>\n\n\n\n<li>I Dati Personali raccolti per finalit\u00e0 riconducibili all\u2019interesse legittimo del Titolare saranno trattenuti sino al soddisfacimento di tale interesse. L\u2019Utente pu\u00f2 ottenere ulteriori informazioni in merito all\u2019interesse legittimo perseguito dal Titolare nelle relative sezioni di questo documento o contattando il Titolare.<\/li>\n<\/ul>\n\n\n\n<p>Quando il trattamento \u00e8 basato sul consenso dell\u2019Utente, il Titolare pu\u00f2 conservare i Dati Personali pi\u00f9 a lungo sino a quando detto consenso non venga revocato. Inoltre, il Titolare potrebbe essere obbligato a conservare i Dati Personali per un periodo pi\u00f9 lungo per adempiere ad un obbligo di legge o per ordine di un\u2019autorit\u00e0.<br><br>Al termine del periodo di conservazione i Dati Personali saranno cancellati. Pertanto, allo spirare di tale termine il diritto di accesso, cancellazione, rettificazione ed il diritto alla portabilit\u00e0 dei Dati non potranno pi\u00f9 essere esercitati.<\/p>\n\n\n\n<h3 class=\"wp-block-heading\"><a><\/a>Diritti dell\u2019Utente sulla base del Regolamento Generale sulla Protezione dei Dati (GDPR)<\/h3>\n\n\n\n<p>Gli Utenti possono esercitare determinati diritti con riferimento ai Dati trattati dal Titolare.<\/p>\n\n\n\n<p>In particolare, nei limiti previsti dalla legge, l\u2019Utente ha il diritto di:<\/p>\n\n\n\n<ul class=\"wp-block-list\">\n<li><strong>revocare il consenso in ogni momento.<\/strong> L\u2019Utente pu\u00f2 revocare il consenso al trattamento dei propri Dati Personali precedentemente espresso.<\/li>\n\n\n\n<li><strong>opporsi al trattamento dei propri Dati.<\/strong> L\u2019Utente pu\u00f2 opporsi al trattamento dei propri Dati quando esso avviene in virt\u00f9 di una base giuridica diversa dal consenso.<\/li>\n\n\n\n<li><strong>accedere ai propri Dati.<\/strong> L\u2019Utente ha diritto ad ottenere informazioni sui Dati trattati dal Titolare, su determinati aspetti del trattamento ed a ricevere una copia dei Dati trattati.<\/li>\n\n\n\n<li><strong>verificare e chiedere la rettificazione.<\/strong> L\u2019Utente pu\u00f2 verificare la correttezza dei propri Dati e richiederne l\u2019aggiornamento o la correzione.<\/li>\n\n\n\n<li><strong>ottenere la limitazione del trattamento.<\/strong> L\u2019Utente pu\u00f2 richiedere la limitazione del trattamento dei propri Dati. In tal caso il Titolare non tratter\u00e0 i Dati per alcun altro scopo se non la loro conservazione.<\/li>\n\n\n\n<li><strong>ottenere la cancellazione o rimozione dei propri Dati Personali.<\/strong> L\u2019Utente pu\u00f2 richiedere la cancellazione dei propri Dati da parte del Titolare.<\/li>\n\n\n\n<li><strong>ricevere i propri Dati o farli trasferire ad altro titolare.<\/strong> L\u2019Utente ha diritto di ricevere i propri Dati in formato strutturato, di uso comune e leggibile da dispositivo automatico e, ove tecnicamente fattibile, di ottenerne il trasferimento senza ostacoli ad un altro titolare.<\/li>\n\n\n\n<li><strong>proporre reclamo.<\/strong> L\u2019Utente pu\u00f2 proporre un reclamo all\u2019autorit\u00e0 di controllo della protezione dei dati personali competente o agire in sede giudiziale.<\/li>\n<\/ul>\n\n\n\n<p>Gli Utenti hanno diritto di ottenere informazioni in merito alla base giuridica per il trasferimento di Dati all&#8217;estero incluso verso qualsiasi organizzazione internazionale regolata dal diritto internazionale o costituita da due o pi\u00f9 paesi, come ad esempio l\u2019ONU, nonch\u00e9 in merito alle misure di sicurezza adottate dal Titolare per proteggere i loro Dati.<\/p>\n\n\n\n<h4 class=\"wp-block-heading\">Dettagli sul diritto di opposizione<\/h4>\n\n\n\n<p>Quando i Dati Personali sono trattati nell\u2019interesse pubblico, nell\u2019esercizio di pubblici poteri di cui \u00e8 investito il Titolare oppure per perseguire un interesse legittimo del Titolare, gli Utenti hanno diritto ad opporsi al trattamento per motivi connessi alla loro situazione particolare.<\/p>\n\n\n\n<p>Si fa presente agli Utenti che, ove i loro Dati fossero trattati con finalit\u00e0 di marketing diretto, possono opporsi al trattamento in qualsiasi momento, gratuitamente e senza fornire alcuna motivazione. Qualora gli Utenti si oppongano al trattamento per finalit\u00e0 di marketing diretto, i Dati Personali non sono pi\u00f9 oggetto di trattamento per tali finalit\u00e0. Per scoprire se il Titolare tratti Dati con finalit\u00e0 di marketing diretto gli Utenti possono fare riferimento alle rispettive sezioni di questo documento.<\/p>\n\n\n\n<h4 class=\"wp-block-heading\">Come esercitare i diritti<\/h4>\n\n\n\n<p>Eventuali richieste di esercizio dei diritti dell&#8217;Utente possono essere indirizzate al Titolare attraverso i recapiti forniti in questo documento. La richiesta \u00e8 gratuita e il Titolare risponder\u00e0 nel pi\u00f9 breve tempo possibile, in ogni caso entro un mese, fornendo all\u2019Utente tutte le informazioni previste dalla legge. Eventuali rettifiche, cancellazioni o limitazioni del trattamento saranno comunicate dal Titolare a ciascuno dei destinatari, se esistenti, a cui sono stati trasmessi i Dati Personali, salvo che ci\u00f2 si riveli impossibile o implichi uno sforzo sproporzionato. Il Titolare comunica all&#8217;Utente tali destinatari qualora egli lo richieda.<\/p>\n\n\n\n<h2 class=\"wp-block-heading\"><a><\/a>Ulteriori informazioni sul trattamento<\/h2>\n\n\n\n<h3 class=\"wp-block-heading\">Difesa in giudizio<\/h3>\n\n\n\n<p>I Dati Personali dell\u2019Utente possono essere utilizzati da parte del Titolare in giudizio o nelle fasi preparatorie alla sua eventuale instaurazione per la difesa da abusi nell&#8217;utilizzo di questo Sito Web o dei Servizi connessi da parte dell\u2019Utente.<br>L\u2019Utente dichiara di essere consapevole che il Titolare potrebbe essere obbligato a rivelare i Dati per ordine delle autorit\u00e0 pubbliche.<\/p>\n\n\n\n<h3 class=\"wp-block-heading\">Informative specifiche<\/h3>\n\n\n\n<p>Su richiesta dell\u2019Utente, in aggiunta alle informazioni contenute in questa privacy policy, questo Sito Web potrebbe fornire all&#8217;Utente delle informative aggiuntive e contestuali riguardanti Servizi specifici, o la raccolta ed il trattamento di Dati Personali.<\/p>\n\n\n\n<h3 class=\"wp-block-heading\">Log di sistema e manutenzione<\/h3>\n\n\n\n<p>Per necessit\u00e0 legate al funzionamento ed alla manutenzione, questo Sito Web e gli eventuali servizi terzi da essa utilizzati potrebbero raccogliere log di sistema, ossia file che registrano le interazioni e che possono contenere anche Dati Personali, quali l\u2019indirizzo IP Utente.<\/p>\n\n\n\n<h3 class=\"wp-block-heading\">Informazioni non contenute in questa policy<\/h3>\n\n\n\n<p>Ulteriori informazioni in relazione al trattamento dei Dati Personali potranno essere richieste in qualsiasi momento al Titolare del Trattamento utilizzando gli estremi di contatto.<\/p>\n\n\n\n<h3 class=\"wp-block-heading\">Modifiche a questa privacy policy<\/h3>\n\n\n\n<p>Il Titolare del Trattamento si riserva il diritto di apportare modifiche alla presente privacy policy in qualunque momento notificandolo agli Utenti su questa pagina e, se possibile, su questo Sito Web nonch\u00e9, qualora tecnicamente e legalmente fattibile, inviando una notifica agli Utenti attraverso uno degli estremi di contatto di cui \u00e8 in possesso. Si prega dunque di consultare con frequenza questa pagina, facendo riferimento alla data di ultima modifica indicata in fondo.<br><br>Qualora le modifiche interessino trattamenti la cui base giuridica \u00e8 il consenso, il Titolare provveder\u00e0 a raccogliere nuovamente il consenso dell\u2019Utente, se necessario.<\/p>\n\n\n\n<h3 class=\"wp-block-heading\"><a><\/a>Definizioni e riferimenti legali<\/h3>\n\n\n\n<h4 class=\"wp-block-heading\">Dati Personali (o Dati)<\/h4>\n\n\n\n<p>Costituisce dato personale qualunque informazione che, direttamente o indirettamente, anche in collegamento con qualsiasi altra informazione, ivi compreso un numero di identificazione personale, renda identificata o identificabile una persona fisica.<\/p>\n\n\n\n<h4 class=\"wp-block-heading\">Dati di Utilizzo<\/h4>\n\n\n\n<p>Sono le informazioni raccolte automaticamente attraverso questo Sito Web (anche da applicazioni di parti terze integrate in questo Sito Web), tra cui: gli indirizzi IP o i nomi a dominio dei computer utilizzati dall\u2019Utente che si connette con questo Sito Web, gli indirizzi in notazione URI (Uniform Resource Identifier), l\u2019orario della richiesta, il metodo utilizzato nell\u2019inoltrare la richiesta al server, la dimensione del file ottenuto in risposta, il codice numerico indicante lo stato della risposta dal server (buon fine, errore, ecc.) il paese di provenienza, le caratteristiche del browser e del sistema operativo utilizzati dal visitatore, le varie connotazioni temporali della visita (ad esempio il tempo di permanenza su ciascuna pagina) e i dettagli relativi all\u2019itinerario seguito all\u2019interno del Sito Web, con particolare riferimento alla sequenza delle pagine consultate, ai parametri relativi al sistema operativo e all\u2019ambiente informatico dell\u2019Utente.<\/p>\n\n\n\n<h4 class=\"wp-block-heading\">Utente<\/h4>\n\n\n\n<p>L&#8217;individuo che utilizza questo Sito Web che, salvo ove diversamente specificato, coincide con l&#8217;Interessato.<\/p>\n\n\n\n<h4 class=\"wp-block-heading\">Interessato<\/h4>\n\n\n\n<p>La persona fisica cui si riferiscono i Dati Personali.<\/p>\n\n\n\n<h4 class=\"wp-block-heading\">Responsabile del Trattamento (o Responsabile)<\/h4>\n\n\n\n<p>La persona fisica, giuridica, la pubblica amministrazione e qualsiasi altro ente che tratta dati personali per conto del Titolare, secondo quanto esposto nella presente privacy policy.<\/p>\n\n\n\n<h4 class=\"wp-block-heading\">Titolare del Trattamento (o Titolare)<\/h4>\n\n\n\n<p>La persona fisica o giuridica, l&#8217;autorit\u00e0 pubblica, il servizio o altro organismo che, singolarmente o insieme ad altri, determina le finalit\u00e0 e i mezzi del trattamento di dati personali e gli strumenti adottati, ivi comprese le misure di sicurezza relative al funzionamento ed alla fruizione di questo Sito Web. Il Titolare del Trattamento, salvo quanto diversamente specificato, \u00e8 il titolare di questo Sito Web.<\/p>\n\n\n\n<h4 class=\"wp-block-heading\">Questo Sito Web<\/h4>\n\n\n\n<p>Lo strumento hardware o software mediante il quale sono raccolti e trattati i Dati Personali degli Utenti.<\/p>\n\n\n\n<h4 class=\"wp-block-heading\">Servizio<\/h4>\n\n\n\n<p>Il Servizio fornito da questo Sito Web cos\u00ec come definito nei relativi termini (se presenti) su questo sito\/applicazione.<\/p>\n\n\n\n<h4 class=\"wp-block-heading\">Unione Europea (o UE)<\/h4>\n\n\n\n<p>Salvo ove diversamente specificato, ogni riferimento all\u2019Unione Europea contenuto in questo documento si intende esteso a tutti gli attuali stati membri dell\u2019Unione Europea e dello Spazio Economico Europeo.<\/p>\n\n\n\n<h4 class=\"wp-block-heading\">Cookie<\/h4>\n\n\n\n<p>I Cookie sono Strumenti di Tracciamento che consistono in piccole porzioni di dati conservate all&#8217;interno del browser dell&#8217;Utente.<\/p>\n\n\n\n<h4 class=\"wp-block-heading\">Strumento di Tracciamento<\/h4>\n\n\n\n<p>Per Strumento di Tracciamento s\u2019intende qualsiasi tecnologia &#8211; es. Cookie, identificativi univoci, web beacons, script integrati, e-tag e fingerprinting &#8211; che consenta di tracciare gli Utenti, per esempio raccogliendo o salvando informazioni sul dispositivo dell\u2019Utente.<\/p>\n\n\n\n<hr class=\"wp-block-separator has-alpha-channel-opacity\"\/>\n\n\n\n<h4 class=\"wp-block-heading\">Riferimenti legali<\/h4>\n\n\n\n<p>Ove non diversamente specificato, questa informativa privacy riguarda esclusivamente questo Sito Web.<\/p>\n","protected":false},"excerpt":{"rendered":"<p>Privacy Policy di chiaviecolori.it Questo Sito Web raccoglie alcuni Dati Personali dei propri Utenti. Questo documento pu\u00f2 essere stampato utilizzando il comando di stampa presente nelle impostazioni di qualsiasi browser. Titolare del Trattamento dei Dati Chiavi e Colori e affini di Zarantonello EdoardoVia Legione Antonini 155\/a, 36100, Vicenza (VI) chiavicolori@gmail.com Tipologie di Dati raccolti Fra [&hellip;]<\/p>\n","protected":false},"author":1,"featured_media":0,"parent":0,"menu_order":0,"comment_status":"closed","ping_status":"open","template":"","meta":{"footnotes":""},"class_list":["post-3","page","type-page","status-publish","hentry"],"_links":{"self":[{"href":"https:\/\/chiaviecolori.it\/index.php\/wp-json\/wp\/v2\/pages\/3","targetHints":{"allow":["GET"]}}],"collection":[{"href":"https:\/\/chiaviecolori.it\/index.php\/wp-json\/wp\/v2\/pages"}],"about":[{"href":"https:\/\/chiaviecolori.it\/index.php\/wp-json\/wp\/v2\/types\/page"}],"author":[{"embeddable":true,"href":"https:\/\/chiaviecolori.it\/index.php\/wp-json\/wp\/v2\/users\/1"}],"replies":[{"embeddable":true,"href":"https:\/\/chiaviecolori.it\/index.php\/wp-json\/wp\/v2\/comments?post=3"}],"version-history":[{"count":1,"href":"https:\/\/chiaviecolori.it\/index.php\/wp-json\/wp\/v2\/pages\/3\/revisions"}],"predecessor-version":[{"id":186,"href":"https:\/\/chiaviecolori.it\/index.php\/wp-json\/wp\/v2\/pages\/3\/revisions\/186"}],"wp:attachment":[{"href":"https:\/\/chiaviecolori.it\/index.php\/wp-json\/wp\/v2\/media?parent=3"}],"curies":[{"name":"wp","href":"https:\/\/api.w.org\/{rel}","templated":true}]}}